{"id":4551,"date":"2021-07-19T22:16:57","date_gmt":"2021-07-20T02:16:57","guid":{"rendered":"https:\/\/maxsonautomatic.com\/acerca-de-maxson-automatic\/stephanie-sherman-controller\/"},"modified":"2021-07-20T19:15:09","modified_gmt":"2021-07-20T23:15:09","slug":"stephanie-sherman-controller","status":"publish","type":"page","link":"https:\/\/maxsonautomatic.com\/es\/acerca-de-maxson-automatic\/stephanie-sherman-controller\/","title":{"rendered":"Stephanie Sherman, Controladora"},"content":{"rendered":"\n<section class=\"wp-block-uagb-section uagb-section__wrap uagb-section__background-undefined uagb-block-6f46194c\"><div class=\"uagb-section__overlay\"><\/div><div class=\"uagb-section__inner-wrap\">\n<div class=\"wp-block-image\"><figure class=\"alignleft size-medium\"><img loading=\"lazy\" decoding=\"async\" width=\"300\" height=\"225\" src=\"https:\/\/maxsonautomatic.com\/wp-content\/uploads\/2021\/01\/Stephanie-Sherman-300x225.jpg\" alt=\"\" class=\"wp-image-4122\" srcset=\"https:\/\/maxsonautomatic.com\/wp-content\/uploads\/2021\/01\/Stephanie-Sherman-300x225.jpg 300w, https:\/\/maxsonautomatic.com\/wp-content\/uploads\/2021\/01\/Stephanie-Sherman-1024x768.jpg 1024w, https:\/\/maxsonautomatic.com\/wp-content\/uploads\/2021\/01\/Stephanie-Sherman-768x576.jpg 768w, https:\/\/maxsonautomatic.com\/wp-content\/uploads\/2021\/01\/Stephanie-Sherman-1536x1152.jpg 1536w, https:\/\/maxsonautomatic.com\/wp-content\/uploads\/2021\/01\/Stephanie-Sherman-2048x1536.jpg 2048w\" sizes=\"auto, (max-width: 300px) 100vw, 300px\" \/><\/figure><\/div>\n\n\n\n<p>Stephanie obtuvo su diploma de contadora en la Eastern Connecticut State University. Con m\u00e1s de 12 a\u00f1os de experiencia como controller en servicios contractuales, su departamento es responsable de la facturaci\u00f3n, las compras, el inventario, los env\u00edos y la recepci\u00f3n.<br\/>Stephanie tiene un largo historial con los <a href=\"https:\/\/4-h.org\/parents\/programs-at-a-glance\/?gclid=Cj0KCQiA1KiBBhCcARIsAPWqoSr4CU1Ix-WUQWZB1thC4xGF-hWNywzEcag2jKRWXV0TYGnEMCz6pJgaAmkaEALw_wcB\">programas de 4-H<\/a>en el sudeste de Connecticut y disfruta de la navegaci\u00f3n.<\/p>\n<\/div><\/section>\n","protected":false},"excerpt":{"rendered":"","protected":false},"author":10,"featured_media":0,"parent":4381,"menu_order":0,"comment_status":"closed","ping_status":"closed","template":"","meta":{"_uag_custom_page_level_css":"","footnotes":""},"class_list":["post-4551","page","type-page","status-publish","hentry"],"yoast_head":"<!-- This site is optimized with the Yoast SEO plugin v27.3 - https:\/\/yoast.com\/product\/yoast-seo-wordpress\/ -->\n<title>Stephanie Sherman, Controladora - Maxson Automatic<\/title>\n<meta name=\"description\" content=\"Our Controller, Stephanie, has been with Maxson for over 12 years and offers her accounting, invoicing, AP, &amp; AR mastery for Maxson daily.\" \/>\n<meta name=\"robots\" content=\"index, follow, max-snippet:-1, max-image-preview:large, max-video-preview:-1\" \/>\n<link rel=\"canonical\" href=\"https:\/\/maxsonautomatic.com\/es\/acerca-de-maxson-automatic\/stephanie-sherman-controller\/\" \/>\n<meta property=\"og:locale\" content=\"es_ES\" \/>\n<meta property=\"og:type\" content=\"article\" \/>\n<meta property=\"og:title\" content=\"Stephanie Sherman, Controladora - Maxson Automatic\" \/>\n<meta property=\"og:description\" content=\"Our Controller, Stephanie, has been with Maxson for over 12 years and offers her accounting, invoicing, AP, &amp; AR mastery for Maxson daily.\" \/>\n<meta property=\"og:url\" content=\"https:\/\/maxsonautomatic.com\/es\/acerca-de-maxson-automatic\/stephanie-sherman-controller\/\" \/>\n<meta property=\"og:site_name\" content=\"Maxson Automatic\" \/>\n<meta property=\"article:publisher\" content=\"https:\/\/www.facebook.com\/maxsonautomaticmachinery\/\" \/>\n<meta property=\"article:modified_time\" content=\"2021-07-20T23:15:09+00:00\" \/>\n<meta property=\"og:image\" content=\"https:\/\/maxsonautomatic.com\/wp-content\/uploads\/2021\/01\/Stephanie-Sherman-300x225.jpg\" \/>\n<meta name=\"twitter:card\" content=\"summary_large_image\" \/>\n<meta name=\"twitter:label1\" content=\"Tiempo de lectura\" \/>\n\t<meta name=\"twitter:data1\" content=\"1 minuto\" \/>\n<script type=\"application\/ld+json\" class=\"yoast-schema-graph\">{\"@context\":\"https:\\\/\\\/schema.org\",\"@graph\":[{\"@type\":\"WebPage\",\"@id\":\"https:\\\/\\\/maxsonautomatic.com\\\/es\\\/acerca-de-maxson-automatic\\\/stephanie-sherman-controller\\\/\",\"url\":\"https:\\\/\\\/maxsonautomatic.com\\\/es\\\/acerca-de-maxson-automatic\\\/stephanie-sherman-controller\\\/\",\"name\":\"Stephanie Sherman, Controladora - Maxson Automatic\",\"isPartOf\":{\"@id\":\"https:\\\/\\\/maxsonautomatic.com\\\/#website\"},\"primaryImageOfPage\":{\"@id\":\"https:\\\/\\\/maxsonautomatic.com\\\/es\\\/acerca-de-maxson-automatic\\\/stephanie-sherman-controller\\\/#primaryimage\"},\"image\":{\"@id\":\"https:\\\/\\\/maxsonautomatic.com\\\/es\\\/acerca-de-maxson-automatic\\\/stephanie-sherman-controller\\\/#primaryimage\"},\"thumbnailUrl\":\"https:\\\/\\\/maxsonautomatic.com\\\/wp-content\\\/uploads\\\/2021\\\/01\\\/Stephanie-Sherman-300x225.jpg\",\"datePublished\":\"2021-07-20T02:16:57+00:00\",\"dateModified\":\"2021-07-20T23:15:09+00:00\",\"description\":\"Our Controller, Stephanie, has been with Maxson for over 12 years and offers her accounting, invoicing, AP, & AR mastery for Maxson daily.\",\"breadcrumb\":{\"@id\":\"https:\\\/\\\/maxsonautomatic.com\\\/es\\\/acerca-de-maxson-automatic\\\/stephanie-sherman-controller\\\/#breadcrumb\"},\"inLanguage\":\"es\",\"potentialAction\":[{\"@type\":\"ReadAction\",\"target\":[\"https:\\\/\\\/maxsonautomatic.com\\\/es\\\/acerca-de-maxson-automatic\\\/stephanie-sherman-controller\\\/\"]}]},{\"@type\":\"ImageObject\",\"inLanguage\":\"es\",\"@id\":\"https:\\\/\\\/maxsonautomatic.com\\\/es\\\/acerca-de-maxson-automatic\\\/stephanie-sherman-controller\\\/#primaryimage\",\"url\":\"https:\\\/\\\/maxsonautomatic.com\\\/wp-content\\\/uploads\\\/2021\\\/01\\\/Stephanie-Sherman-300x225.jpg\",\"contentUrl\":\"https:\\\/\\\/maxsonautomatic.com\\\/wp-content\\\/uploads\\\/2021\\\/01\\\/Stephanie-Sherman-300x225.jpg\"},{\"@type\":\"BreadcrumbList\",\"@id\":\"https:\\\/\\\/maxsonautomatic.com\\\/es\\\/acerca-de-maxson-automatic\\\/stephanie-sherman-controller\\\/#breadcrumb\",\"itemListElement\":[{\"@type\":\"ListItem\",\"position\":1,\"name\":\"Home\",\"item\":\"https:\\\/\\\/maxsonautomatic.com\\\/es\\\/\"},{\"@type\":\"ListItem\",\"position\":2,\"name\":\"Acerca de Maxson Automatic\",\"item\":\"https:\\\/\\\/maxsonautomatic.com\\\/es\\\/acerca-de-maxson-automatic\\\/\"},{\"@type\":\"ListItem\",\"position\":3,\"name\":\"Stephanie Sherman, Controladora\"}]},{\"@type\":\"WebSite\",\"@id\":\"https:\\\/\\\/maxsonautomatic.com\\\/#website\",\"url\":\"https:\\\/\\\/maxsonautomatic.com\\\/\",\"name\":\"Maxson Automatic\",\"description\":\"\",\"publisher\":{\"@id\":\"https:\\\/\\\/maxsonautomatic.com\\\/#organization\"},\"potentialAction\":[{\"@type\":\"SearchAction\",\"target\":{\"@type\":\"EntryPoint\",\"urlTemplate\":\"https:\\\/\\\/maxsonautomatic.com\\\/?s={search_term_string}\"},\"query-input\":{\"@type\":\"PropertyValueSpecification\",\"valueRequired\":true,\"valueName\":\"search_term_string\"}}],\"inLanguage\":\"es\"},{\"@type\":\"Organization\",\"@id\":\"https:\\\/\\\/maxsonautomatic.com\\\/#organization\",\"name\":\"Maxson Automatic\",\"url\":\"https:\\\/\\\/maxsonautomatic.com\\\/\",\"logo\":{\"@type\":\"ImageObject\",\"inLanguage\":\"es\",\"@id\":\"https:\\\/\\\/maxsonautomatic.com\\\/#\\\/schema\\\/logo\\\/image\\\/\",\"url\":\"https:\\\/\\\/maxsonautomatic.com\\\/wp-content\\\/uploads\\\/2021\\\/04\\\/logo.png\",\"contentUrl\":\"https:\\\/\\\/maxsonautomatic.com\\\/wp-content\\\/uploads\\\/2021\\\/04\\\/logo.png\",\"width\":280,\"height\":100,\"caption\":\"Maxson Automatic\"},\"image\":{\"@id\":\"https:\\\/\\\/maxsonautomatic.com\\\/#\\\/schema\\\/logo\\\/image\\\/\"},\"sameAs\":[\"https:\\\/\\\/www.facebook.com\\\/maxsonautomaticmachinery\\\/\",\"https:\\\/\\\/www.linkedin.com\\\/company\\\/maxson-automatic-machinery-company\\\/\"]}]}<\/script>\n<!-- \/ Yoast SEO plugin. -->","yoast_head_json":{"title":"Stephanie Sherman, Controladora - Maxson Automatic","description":"Our Controller, Stephanie, has been with Maxson for over 12 years and offers her accounting, invoicing, AP, & AR mastery for Maxson daily.","robots":{"index":"index","follow":"follow","max-snippet":"max-snippet:-1","max-image-preview":"max-image-preview:large","max-video-preview":"max-video-preview:-1"},"canonical":"https:\/\/maxsonautomatic.com\/es\/acerca-de-maxson-automatic\/stephanie-sherman-controller\/","og_locale":"es_ES","og_type":"article","og_title":"Stephanie Sherman, Controladora - Maxson Automatic","og_description":"Our Controller, Stephanie, has been with Maxson for over 12 years and offers her accounting, invoicing, AP, & AR mastery for Maxson daily.","og_url":"https:\/\/maxsonautomatic.com\/es\/acerca-de-maxson-automatic\/stephanie-sherman-controller\/","og_site_name":"Maxson Automatic","article_publisher":"https:\/\/www.facebook.com\/maxsonautomaticmachinery\/","article_modified_time":"2021-07-20T23:15:09+00:00","og_image":[{"url":"https:\/\/maxsonautomatic.com\/wp-content\/uploads\/2021\/01\/Stephanie-Sherman-300x225.jpg","type":"","width":"","height":""}],"twitter_card":"summary_large_image","twitter_misc":{"Tiempo de lectura":"1 minuto"},"schema":{"@context":"https:\/\/schema.org","@graph":[{"@type":"WebPage","@id":"https:\/\/maxsonautomatic.com\/es\/acerca-de-maxson-automatic\/stephanie-sherman-controller\/","url":"https:\/\/maxsonautomatic.com\/es\/acerca-de-maxson-automatic\/stephanie-sherman-controller\/","name":"Stephanie Sherman, Controladora - Maxson Automatic","isPartOf":{"@id":"https:\/\/maxsonautomatic.com\/#website"},"primaryImageOfPage":{"@id":"https:\/\/maxsonautomatic.com\/es\/acerca-de-maxson-automatic\/stephanie-sherman-controller\/#primaryimage"},"image":{"@id":"https:\/\/maxsonautomatic.com\/es\/acerca-de-maxson-automatic\/stephanie-sherman-controller\/#primaryimage"},"thumbnailUrl":"https:\/\/maxsonautomatic.com\/wp-content\/uploads\/2021\/01\/Stephanie-Sherman-300x225.jpg","datePublished":"2021-07-20T02:16:57+00:00","dateModified":"2021-07-20T23:15:09+00:00","description":"Our Controller, Stephanie, has been with Maxson for over 12 years and offers her accounting, invoicing, AP, & AR mastery for Maxson daily.","breadcrumb":{"@id":"https:\/\/maxsonautomatic.com\/es\/acerca-de-maxson-automatic\/stephanie-sherman-controller\/#breadcrumb"},"inLanguage":"es","potentialAction":[{"@type":"ReadAction","target":["https:\/\/maxsonautomatic.com\/es\/acerca-de-maxson-automatic\/stephanie-sherman-controller\/"]}]},{"@type":"ImageObject","inLanguage":"es","@id":"https:\/\/maxsonautomatic.com\/es\/acerca-de-maxson-automatic\/stephanie-sherman-controller\/#primaryimage","url":"https:\/\/maxsonautomatic.com\/wp-content\/uploads\/2021\/01\/Stephanie-Sherman-300x225.jpg","contentUrl":"https:\/\/maxsonautomatic.com\/wp-content\/uploads\/2021\/01\/Stephanie-Sherman-300x225.jpg"},{"@type":"BreadcrumbList","@id":"https:\/\/maxsonautomatic.com\/es\/acerca-de-maxson-automatic\/stephanie-sherman-controller\/#breadcrumb","itemListElement":[{"@type":"ListItem","position":1,"name":"Home","item":"https:\/\/maxsonautomatic.com\/es\/"},{"@type":"ListItem","position":2,"name":"Acerca de Maxson Automatic","item":"https:\/\/maxsonautomatic.com\/es\/acerca-de-maxson-automatic\/"},{"@type":"ListItem","position":3,"name":"Stephanie Sherman, Controladora"}]},{"@type":"WebSite","@id":"https:\/\/maxsonautomatic.com\/#website","url":"https:\/\/maxsonautomatic.com\/","name":"Maxson Automatic","description":"","publisher":{"@id":"https:\/\/maxsonautomatic.com\/#organization"},"potentialAction":[{"@type":"SearchAction","target":{"@type":"EntryPoint","urlTemplate":"https:\/\/maxsonautomatic.com\/?s={search_term_string}"},"query-input":{"@type":"PropertyValueSpecification","valueRequired":true,"valueName":"search_term_string"}}],"inLanguage":"es"},{"@type":"Organization","@id":"https:\/\/maxsonautomatic.com\/#organization","name":"Maxson Automatic","url":"https:\/\/maxsonautomatic.com\/","logo":{"@type":"ImageObject","inLanguage":"es","@id":"https:\/\/maxsonautomatic.com\/#\/schema\/logo\/image\/","url":"https:\/\/maxsonautomatic.com\/wp-content\/uploads\/2021\/04\/logo.png","contentUrl":"https:\/\/maxsonautomatic.com\/wp-content\/uploads\/2021\/04\/logo.png","width":280,"height":100,"caption":"Maxson Automatic"},"image":{"@id":"https:\/\/maxsonautomatic.com\/#\/schema\/logo\/image\/"},"sameAs":["https:\/\/www.facebook.com\/maxsonautomaticmachinery\/","https:\/\/www.linkedin.com\/company\/maxson-automatic-machinery-company\/"]}]}},"uagb_featured_image_src":{"full":false,"thumbnail":false,"medium":false,"medium_large":false,"large":false,"1536x1536":false,"2048x2048":false,"gform-image-choice-sm":false,"gform-image-choice-md":false,"gform-image-choice-lg":false},"uagb_author_info":{"display_name":"Translations","author_link":"https:\/\/maxsonautomatic.com\/es\/author\/rapportintl\/"},"uagb_comment_info":0,"uagb_excerpt":null,"_links":{"self":[{"href":"https:\/\/maxsonautomatic.com\/es\/wp-json\/wp\/v2\/pages\/4551","targetHints":{"allow":["GET"]}}],"collection":[{"href":"https:\/\/maxsonautomatic.com\/es\/wp-json\/wp\/v2\/pages"}],"about":[{"href":"https:\/\/maxsonautomatic.com\/es\/wp-json\/wp\/v2\/types\/page"}],"author":[{"embeddable":true,"href":"https:\/\/maxsonautomatic.com\/es\/wp-json\/wp\/v2\/users\/10"}],"replies":[{"embeddable":true,"href":"https:\/\/maxsonautomatic.com\/es\/wp-json\/wp\/v2\/comments?post=4551"}],"version-history":[{"count":5,"href":"https:\/\/maxsonautomatic.com\/es\/wp-json\/wp\/v2\/pages\/4551\/revisions"}],"predecessor-version":[{"id":4606,"href":"https:\/\/maxsonautomatic.com\/es\/wp-json\/wp\/v2\/pages\/4551\/revisions\/4606"}],"up":[{"embeddable":true,"href":"https:\/\/maxsonautomatic.com\/es\/wp-json\/wp\/v2\/pages\/4381"}],"wp:attachment":[{"href":"https:\/\/maxsonautomatic.com\/es\/wp-json\/wp\/v2\/media?parent=4551"}],"curies":[{"name":"wp","href":"https:\/\/api.w.org\/{rel}","templated":true}]}}