{"id":4547,"date":"2021-07-19T22:16:35","date_gmt":"2021-07-20T02:16:35","guid":{"rendered":"https:\/\/maxsonautomatic.com\/acerca-de-maxson-automatic\/skip-hoffman-customer-service-manager\/"},"modified":"2021-07-20T19:13:38","modified_gmt":"2021-07-20T23:13:38","slug":"skip-hoffman-customer-service-manager","status":"publish","type":"page","link":"https:\/\/maxsonautomatic.com\/es\/acerca-de-maxson-automatic\/skip-hoffman-customer-service-manager\/","title":{"rendered":"Skip Hoffman, Gerente de Servicio al Cliente"},"content":{"rendered":"\n<section class=\"wp-block-uagb-section uagb-section__wrap uagb-section__background-undefined uagb-block-cbc4a459\"><div class=\"uagb-section__overlay\"><\/div><div class=\"uagb-section__inner-wrap\">\n<div class=\"wp-block-image\"><figure class=\"alignleft size-medium\"><img loading=\"lazy\" decoding=\"async\" width=\"300\" height=\"225\" src=\"https:\/\/maxsonautomatic.com\/wp-content\/uploads\/2021\/01\/Skip-Hoffman-300x225.jpg\" alt=\"\" class=\"wp-image-4121\" srcset=\"https:\/\/maxsonautomatic.com\/wp-content\/uploads\/2021\/01\/Skip-Hoffman-300x225.jpg 300w, https:\/\/maxsonautomatic.com\/wp-content\/uploads\/2021\/01\/Skip-Hoffman-1024x768.jpg 1024w, https:\/\/maxsonautomatic.com\/wp-content\/uploads\/2021\/01\/Skip-Hoffman-768x576.jpg 768w, https:\/\/maxsonautomatic.com\/wp-content\/uploads\/2021\/01\/Skip-Hoffman-1536x1152.jpg 1536w, https:\/\/maxsonautomatic.com\/wp-content\/uploads\/2021\/01\/Skip-Hoffman-2048x1536.jpg 2048w\" sizes=\"auto, (max-width: 300px) 100vw, 300px\" \/><\/figure><\/div>\n\n\n\n<p>Skip Hoffman comenz\u00f3 a trabajar en Maxson en 1977 como dise\u00f1ador t\u00e9cnico de escuela secundaria. Tras finalizar la escuela secundaria, Skip fue ocupando puestos cada vez con m\u00e1s responsabilidad dentro del departamento de Ingenier\u00eda como ingeniero de proyectos mec\u00e1nicos y, luego, electr\u00f3nicos. En 1998, Skip acept\u00f3 un puesto dentro del departamento de Atenci\u00f3n al Cliente que consisti\u00f3 en responder llamadas y encargarse de los pedidos de piezas. Fue ascendido a gerente de Atenci\u00f3n al Cliente en 2000. En este puesto, es responsable de todas las facetas de la asistencia posventa, lo que incluye la programaci\u00f3n de servicio en campo, los pedidos de piezas de repuesto y la coordinaci\u00f3n del <a href=\"https:\/\/maxsonautomatic.com\/es\/servicio-al-cliente\/\">soporte de t\u00e9cnico<\/a> de Maxson las 24 horas del d\u00eda.<\/p>\n\n\n\n<p>En 1990, Skip obtuvo su diploma en tecnolog\u00eda de la ingenier\u00eda mec\u00e1nica en el Thames Valley State Technology College, en New London, CT.<\/p>\n\n\n\n<p>Skip ha sido comodoro del <a href=\"https:\/\/www.westerlyyc.org\/\">Westerly Yacht Club<\/a>, maestro del Westerly Masonic Lodge y presidente de la Iglesia Luterana de San Andr\u00e9s. Skip disfruta de la navegaci\u00f3n, la caza y la pesca. <\/p>\n<\/div><\/section>\n\n<p><\/p>\n","protected":false},"excerpt":{"rendered":"","protected":false},"author":10,"featured_media":0,"parent":4381,"menu_order":0,"comment_status":"closed","ping_status":"closed","template":"","meta":{"_uag_custom_page_level_css":"","footnotes":""},"class_list":["post-4547","page","type-page","status-publish","hentry"],"yoast_head":"<!-- This site is optimized with the Yoast SEO plugin v27.3 - https:\/\/yoast.com\/product\/yoast-seo-wordpress\/ -->\n<title>Skip Hoffman, Gerente de Servicio al Cliente - Maxson Automatic<\/title>\n<meta name=\"description\" content=\"Skip, our Customer Service Manager at Maxson offers experience and expertise with over 40 years of industry knowledge and customer support.\" \/>\n<meta name=\"robots\" content=\"index, follow, max-snippet:-1, max-image-preview:large, max-video-preview:-1\" \/>\n<link rel=\"canonical\" href=\"https:\/\/maxsonautomatic.com\/es\/acerca-de-maxson-automatic\/skip-hoffman-customer-service-manager\/\" \/>\n<meta property=\"og:locale\" content=\"es_ES\" \/>\n<meta property=\"og:type\" content=\"article\" \/>\n<meta property=\"og:title\" content=\"Skip Hoffman, Gerente de Servicio al Cliente - Maxson Automatic\" \/>\n<meta property=\"og:description\" content=\"Skip, our Customer Service Manager at Maxson offers experience and expertise with over 40 years of industry knowledge and customer support.\" \/>\n<meta property=\"og:url\" content=\"https:\/\/maxsonautomatic.com\/es\/acerca-de-maxson-automatic\/skip-hoffman-customer-service-manager\/\" \/>\n<meta property=\"og:site_name\" content=\"Maxson Automatic\" \/>\n<meta property=\"article:publisher\" content=\"https:\/\/www.facebook.com\/maxsonautomaticmachinery\/\" \/>\n<meta property=\"article:modified_time\" content=\"2021-07-20T23:13:38+00:00\" \/>\n<meta property=\"og:image\" content=\"https:\/\/maxsonautomatic.com\/wp-content\/uploads\/2021\/01\/Skip-Hoffman-300x225.jpg\" \/>\n<meta name=\"twitter:card\" content=\"summary_large_image\" \/>\n<meta name=\"twitter:label1\" content=\"Tiempo de lectura\" \/>\n\t<meta name=\"twitter:data1\" content=\"1 minuto\" \/>\n<script type=\"application\/ld+json\" class=\"yoast-schema-graph\">{\"@context\":\"https:\\\/\\\/schema.org\",\"@graph\":[{\"@type\":\"WebPage\",\"@id\":\"https:\\\/\\\/maxsonautomatic.com\\\/es\\\/acerca-de-maxson-automatic\\\/skip-hoffman-customer-service-manager\\\/\",\"url\":\"https:\\\/\\\/maxsonautomatic.com\\\/es\\\/acerca-de-maxson-automatic\\\/skip-hoffman-customer-service-manager\\\/\",\"name\":\"Skip Hoffman, Gerente de Servicio al Cliente - Maxson Automatic\",\"isPartOf\":{\"@id\":\"https:\\\/\\\/maxsonautomatic.com\\\/#website\"},\"primaryImageOfPage\":{\"@id\":\"https:\\\/\\\/maxsonautomatic.com\\\/es\\\/acerca-de-maxson-automatic\\\/skip-hoffman-customer-service-manager\\\/#primaryimage\"},\"image\":{\"@id\":\"https:\\\/\\\/maxsonautomatic.com\\\/es\\\/acerca-de-maxson-automatic\\\/skip-hoffman-customer-service-manager\\\/#primaryimage\"},\"thumbnailUrl\":\"https:\\\/\\\/maxsonautomatic.com\\\/wp-content\\\/uploads\\\/2021\\\/01\\\/Skip-Hoffman-300x225.jpg\",\"datePublished\":\"2021-07-20T02:16:35+00:00\",\"dateModified\":\"2021-07-20T23:13:38+00:00\",\"description\":\"Skip, our Customer Service Manager at Maxson offers experience and expertise with over 40 years of industry knowledge and customer support.\",\"breadcrumb\":{\"@id\":\"https:\\\/\\\/maxsonautomatic.com\\\/es\\\/acerca-de-maxson-automatic\\\/skip-hoffman-customer-service-manager\\\/#breadcrumb\"},\"inLanguage\":\"es\",\"potentialAction\":[{\"@type\":\"ReadAction\",\"target\":[\"https:\\\/\\\/maxsonautomatic.com\\\/es\\\/acerca-de-maxson-automatic\\\/skip-hoffman-customer-service-manager\\\/\"]}]},{\"@type\":\"ImageObject\",\"inLanguage\":\"es\",\"@id\":\"https:\\\/\\\/maxsonautomatic.com\\\/es\\\/acerca-de-maxson-automatic\\\/skip-hoffman-customer-service-manager\\\/#primaryimage\",\"url\":\"https:\\\/\\\/maxsonautomatic.com\\\/wp-content\\\/uploads\\\/2021\\\/01\\\/Skip-Hoffman-300x225.jpg\",\"contentUrl\":\"https:\\\/\\\/maxsonautomatic.com\\\/wp-content\\\/uploads\\\/2021\\\/01\\\/Skip-Hoffman-300x225.jpg\"},{\"@type\":\"BreadcrumbList\",\"@id\":\"https:\\\/\\\/maxsonautomatic.com\\\/es\\\/acerca-de-maxson-automatic\\\/skip-hoffman-customer-service-manager\\\/#breadcrumb\",\"itemListElement\":[{\"@type\":\"ListItem\",\"position\":1,\"name\":\"Home\",\"item\":\"https:\\\/\\\/maxsonautomatic.com\\\/es\\\/\"},{\"@type\":\"ListItem\",\"position\":2,\"name\":\"Acerca de Maxson Automatic\",\"item\":\"https:\\\/\\\/maxsonautomatic.com\\\/es\\\/acerca-de-maxson-automatic\\\/\"},{\"@type\":\"ListItem\",\"position\":3,\"name\":\"Skip Hoffman, Gerente de Servicio al Cliente\"}]},{\"@type\":\"WebSite\",\"@id\":\"https:\\\/\\\/maxsonautomatic.com\\\/#website\",\"url\":\"https:\\\/\\\/maxsonautomatic.com\\\/\",\"name\":\"Maxson Automatic\",\"description\":\"\",\"publisher\":{\"@id\":\"https:\\\/\\\/maxsonautomatic.com\\\/#organization\"},\"potentialAction\":[{\"@type\":\"SearchAction\",\"target\":{\"@type\":\"EntryPoint\",\"urlTemplate\":\"https:\\\/\\\/maxsonautomatic.com\\\/?s={search_term_string}\"},\"query-input\":{\"@type\":\"PropertyValueSpecification\",\"valueRequired\":true,\"valueName\":\"search_term_string\"}}],\"inLanguage\":\"es\"},{\"@type\":\"Organization\",\"@id\":\"https:\\\/\\\/maxsonautomatic.com\\\/#organization\",\"name\":\"Maxson Automatic\",\"url\":\"https:\\\/\\\/maxsonautomatic.com\\\/\",\"logo\":{\"@type\":\"ImageObject\",\"inLanguage\":\"es\",\"@id\":\"https:\\\/\\\/maxsonautomatic.com\\\/#\\\/schema\\\/logo\\\/image\\\/\",\"url\":\"https:\\\/\\\/maxsonautomatic.com\\\/wp-content\\\/uploads\\\/2021\\\/04\\\/logo.png\",\"contentUrl\":\"https:\\\/\\\/maxsonautomatic.com\\\/wp-content\\\/uploads\\\/2021\\\/04\\\/logo.png\",\"width\":280,\"height\":100,\"caption\":\"Maxson Automatic\"},\"image\":{\"@id\":\"https:\\\/\\\/maxsonautomatic.com\\\/#\\\/schema\\\/logo\\\/image\\\/\"},\"sameAs\":[\"https:\\\/\\\/www.facebook.com\\\/maxsonautomaticmachinery\\\/\",\"https:\\\/\\\/www.linkedin.com\\\/company\\\/maxson-automatic-machinery-company\\\/\"]}]}<\/script>\n<!-- \/ Yoast SEO plugin. -->","yoast_head_json":{"title":"Skip Hoffman, Gerente de Servicio al Cliente - Maxson Automatic","description":"Skip, our Customer Service Manager at Maxson offers experience and expertise with over 40 years of industry knowledge and customer support.","robots":{"index":"index","follow":"follow","max-snippet":"max-snippet:-1","max-image-preview":"max-image-preview:large","max-video-preview":"max-video-preview:-1"},"canonical":"https:\/\/maxsonautomatic.com\/es\/acerca-de-maxson-automatic\/skip-hoffman-customer-service-manager\/","og_locale":"es_ES","og_type":"article","og_title":"Skip Hoffman, Gerente de Servicio al Cliente - Maxson Automatic","og_description":"Skip, our Customer Service Manager at Maxson offers experience and expertise with over 40 years of industry knowledge and customer support.","og_url":"https:\/\/maxsonautomatic.com\/es\/acerca-de-maxson-automatic\/skip-hoffman-customer-service-manager\/","og_site_name":"Maxson Automatic","article_publisher":"https:\/\/www.facebook.com\/maxsonautomaticmachinery\/","article_modified_time":"2021-07-20T23:13:38+00:00","og_image":[{"url":"https:\/\/maxsonautomatic.com\/wp-content\/uploads\/2021\/01\/Skip-Hoffman-300x225.jpg","type":"","width":"","height":""}],"twitter_card":"summary_large_image","twitter_misc":{"Tiempo de lectura":"1 minuto"},"schema":{"@context":"https:\/\/schema.org","@graph":[{"@type":"WebPage","@id":"https:\/\/maxsonautomatic.com\/es\/acerca-de-maxson-automatic\/skip-hoffman-customer-service-manager\/","url":"https:\/\/maxsonautomatic.com\/es\/acerca-de-maxson-automatic\/skip-hoffman-customer-service-manager\/","name":"Skip Hoffman, Gerente de Servicio al Cliente - Maxson Automatic","isPartOf":{"@id":"https:\/\/maxsonautomatic.com\/#website"},"primaryImageOfPage":{"@id":"https:\/\/maxsonautomatic.com\/es\/acerca-de-maxson-automatic\/skip-hoffman-customer-service-manager\/#primaryimage"},"image":{"@id":"https:\/\/maxsonautomatic.com\/es\/acerca-de-maxson-automatic\/skip-hoffman-customer-service-manager\/#primaryimage"},"thumbnailUrl":"https:\/\/maxsonautomatic.com\/wp-content\/uploads\/2021\/01\/Skip-Hoffman-300x225.jpg","datePublished":"2021-07-20T02:16:35+00:00","dateModified":"2021-07-20T23:13:38+00:00","description":"Skip, our Customer Service Manager at Maxson offers experience and expertise with over 40 years of industry knowledge and customer support.","breadcrumb":{"@id":"https:\/\/maxsonautomatic.com\/es\/acerca-de-maxson-automatic\/skip-hoffman-customer-service-manager\/#breadcrumb"},"inLanguage":"es","potentialAction":[{"@type":"ReadAction","target":["https:\/\/maxsonautomatic.com\/es\/acerca-de-maxson-automatic\/skip-hoffman-customer-service-manager\/"]}]},{"@type":"ImageObject","inLanguage":"es","@id":"https:\/\/maxsonautomatic.com\/es\/acerca-de-maxson-automatic\/skip-hoffman-customer-service-manager\/#primaryimage","url":"https:\/\/maxsonautomatic.com\/wp-content\/uploads\/2021\/01\/Skip-Hoffman-300x225.jpg","contentUrl":"https:\/\/maxsonautomatic.com\/wp-content\/uploads\/2021\/01\/Skip-Hoffman-300x225.jpg"},{"@type":"BreadcrumbList","@id":"https:\/\/maxsonautomatic.com\/es\/acerca-de-maxson-automatic\/skip-hoffman-customer-service-manager\/#breadcrumb","itemListElement":[{"@type":"ListItem","position":1,"name":"Home","item":"https:\/\/maxsonautomatic.com\/es\/"},{"@type":"ListItem","position":2,"name":"Acerca de Maxson Automatic","item":"https:\/\/maxsonautomatic.com\/es\/acerca-de-maxson-automatic\/"},{"@type":"ListItem","position":3,"name":"Skip Hoffman, Gerente de Servicio al Cliente"}]},{"@type":"WebSite","@id":"https:\/\/maxsonautomatic.com\/#website","url":"https:\/\/maxsonautomatic.com\/","name":"Maxson Automatic","description":"","publisher":{"@id":"https:\/\/maxsonautomatic.com\/#organization"},"potentialAction":[{"@type":"SearchAction","target":{"@type":"EntryPoint","urlTemplate":"https:\/\/maxsonautomatic.com\/?s={search_term_string}"},"query-input":{"@type":"PropertyValueSpecification","valueRequired":true,"valueName":"search_term_string"}}],"inLanguage":"es"},{"@type":"Organization","@id":"https:\/\/maxsonautomatic.com\/#organization","name":"Maxson Automatic","url":"https:\/\/maxsonautomatic.com\/","logo":{"@type":"ImageObject","inLanguage":"es","@id":"https:\/\/maxsonautomatic.com\/#\/schema\/logo\/image\/","url":"https:\/\/maxsonautomatic.com\/wp-content\/uploads\/2021\/04\/logo.png","contentUrl":"https:\/\/maxsonautomatic.com\/wp-content\/uploads\/2021\/04\/logo.png","width":280,"height":100,"caption":"Maxson Automatic"},"image":{"@id":"https:\/\/maxsonautomatic.com\/#\/schema\/logo\/image\/"},"sameAs":["https:\/\/www.facebook.com\/maxsonautomaticmachinery\/","https:\/\/www.linkedin.com\/company\/maxson-automatic-machinery-company\/"]}]}},"uagb_featured_image_src":{"full":false,"thumbnail":false,"medium":false,"medium_large":false,"large":false,"1536x1536":false,"2048x2048":false,"gform-image-choice-sm":false,"gform-image-choice-md":false,"gform-image-choice-lg":false},"uagb_author_info":{"display_name":"Translations","author_link":"https:\/\/maxsonautomatic.com\/es\/author\/rapportintl\/"},"uagb_comment_info":0,"uagb_excerpt":null,"_links":{"self":[{"href":"https:\/\/maxsonautomatic.com\/es\/wp-json\/wp\/v2\/pages\/4547","targetHints":{"allow":["GET"]}}],"collection":[{"href":"https:\/\/maxsonautomatic.com\/es\/wp-json\/wp\/v2\/pages"}],"about":[{"href":"https:\/\/maxsonautomatic.com\/es\/wp-json\/wp\/v2\/types\/page"}],"author":[{"embeddable":true,"href":"https:\/\/maxsonautomatic.com\/es\/wp-json\/wp\/v2\/users\/10"}],"replies":[{"embeddable":true,"href":"https:\/\/maxsonautomatic.com\/es\/wp-json\/wp\/v2\/comments?post=4547"}],"version-history":[{"count":9,"href":"https:\/\/maxsonautomatic.com\/es\/wp-json\/wp\/v2\/pages\/4547\/revisions"}],"predecessor-version":[{"id":4604,"href":"https:\/\/maxsonautomatic.com\/es\/wp-json\/wp\/v2\/pages\/4547\/revisions\/4604"}],"up":[{"embeddable":true,"href":"https:\/\/maxsonautomatic.com\/es\/wp-json\/wp\/v2\/pages\/4381"}],"wp:attachment":[{"href":"https:\/\/maxsonautomatic.com\/es\/wp-json\/wp\/v2\/media?parent=4547"}],"curies":[{"name":"wp","href":"https:\/\/api.w.org\/{rel}","templated":true}]}}