{"id":4535,"date":"2021-07-19T22:14:52","date_gmt":"2021-07-20T02:14:52","guid":{"rendered":"https:\/\/maxsonautomatic.com\/?page_id=4535"},"modified":"2021-07-20T19:09:38","modified_gmt":"2021-07-20T23:09:38","slug":"nicholas-d-datson-sales-manager","status":"publish","type":"page","link":"https:\/\/maxsonautomatic.com\/es\/acerca-de-maxson-automatic\/nicholas-d-datson-sales-manager\/","title":{"rendered":"Nicholas D. Datson, Gerente de Ventas"},"content":{"rendered":"\n<section class=\"wp-block-uagb-section uagb-section__wrap uagb-section__background-undefined uagb-block-1bcca1c8\"><div class=\"uagb-section__overlay\"><\/div><div class=\"uagb-section__inner-wrap\">\n<div class=\"wp-block-image\"><figure class=\"alignleft size-medium\"><img loading=\"lazy\" decoding=\"async\" width=\"300\" height=\"225\" src=\"https:\/\/maxsonautomatic.com\/wp-content\/uploads\/2021\/01\/Nick-Datson-300x225.jpg\" alt=\"\" class=\"wp-image-4119\" srcset=\"https:\/\/maxsonautomatic.com\/wp-content\/uploads\/2021\/01\/Nick-Datson-300x225.jpg 300w, https:\/\/maxsonautomatic.com\/wp-content\/uploads\/2021\/01\/Nick-Datson-1024x768.jpg 1024w, https:\/\/maxsonautomatic.com\/wp-content\/uploads\/2021\/01\/Nick-Datson-768x576.jpg 768w, https:\/\/maxsonautomatic.com\/wp-content\/uploads\/2021\/01\/Nick-Datson-1536x1152.jpg 1536w, https:\/\/maxsonautomatic.com\/wp-content\/uploads\/2021\/01\/Nick-Datson-2048x1536.jpg 2048w\" sizes=\"auto, (max-width: 300px) 100vw, 300px\" \/><\/figure><\/div>\n\n\n\n<p>Nick se incorpor\u00f3 a Maxson en 2000 como gerente de Ventas internacionales. Actualmente, est\u00e1 a cargo de las ventas de equipos tanto a nivel nacional como internacional.<\/p>\n\n\n\n<p>En 1987, Nick se gradu\u00f3 del St. Brendan\u2019s College en Bristol, Inglaterra Nick cuenta con vasta experiencia en la venta de equipos de capital y ha trabajado previamente en industrias relacionadas con la impresi\u00f3n. Antes de incorporarse a Maxson, se desempe\u00f1\u00f3 como ejecutivo de ventas en Strachan Henshaw Machinery, con sede en el Reino Unido.<\/p>\n\n\n\n<p>Nick se transform\u00f3 en ciudadano estadounidense en 2018 y es director competitivo y entrenador del programa de<a href=\"https:\/\/westerly-soccer.org\/\">f\u00fatbol juvenil de Westerley<\/a>. <\/p>\n<\/div><\/section>\n\n<p><\/p>\n","protected":false},"excerpt":{"rendered":"","protected":false},"author":10,"featured_media":0,"parent":4381,"menu_order":0,"comment_status":"closed","ping_status":"closed","template":"","meta":{"_uag_custom_page_level_css":"","footnotes":""},"class_list":["post-4535","page","type-page","status-publish","hentry"],"yoast_head":"<!-- This site is optimized with the Yoast SEO plugin v27.3 - https:\/\/yoast.com\/product\/yoast-seo-wordpress\/ -->\n<title>Nicholas D. Datson, Gerente de Ventas - Maxson Automatic<\/title>\n<meta name=\"description\" content=\"Actualmente, est\u00e1 a cargo de las ventas de equipos tanto a nivel nacional como internacional.\" \/>\n<meta name=\"robots\" content=\"index, follow, max-snippet:-1, max-image-preview:large, max-video-preview:-1\" \/>\n<link rel=\"canonical\" href=\"https:\/\/maxsonautomatic.com\/es\/acerca-de-maxson-automatic\/nicholas-d-datson-sales-manager\/\" \/>\n<meta property=\"og:locale\" content=\"es_ES\" \/>\n<meta property=\"og:type\" content=\"article\" \/>\n<meta property=\"og:title\" content=\"Nicholas D. Datson, Gerente de Ventas - Maxson Automatic\" \/>\n<meta property=\"og:description\" content=\"Actualmente, est\u00e1 a cargo de las ventas de equipos tanto a nivel nacional como internacional.\" \/>\n<meta property=\"og:url\" content=\"https:\/\/maxsonautomatic.com\/es\/acerca-de-maxson-automatic\/nicholas-d-datson-sales-manager\/\" \/>\n<meta property=\"og:site_name\" content=\"Maxson Automatic\" \/>\n<meta property=\"article:publisher\" content=\"https:\/\/www.facebook.com\/maxsonautomaticmachinery\/\" \/>\n<meta property=\"article:modified_time\" content=\"2021-07-20T23:09:38+00:00\" \/>\n<meta property=\"og:image\" content=\"https:\/\/maxsonautomatic.com\/wp-content\/uploads\/2021\/01\/Nick-Datson-300x225.jpg\" \/>\n<meta name=\"twitter:card\" content=\"summary_large_image\" \/>\n<meta name=\"twitter:label1\" content=\"Tiempo de lectura\" \/>\n\t<meta name=\"twitter:data1\" content=\"1 minuto\" \/>\n<script type=\"application\/ld+json\" class=\"yoast-schema-graph\">{\"@context\":\"https:\\\/\\\/schema.org\",\"@graph\":[{\"@type\":\"WebPage\",\"@id\":\"https:\\\/\\\/maxsonautomatic.com\\\/es\\\/acerca-de-maxson-automatic\\\/nicholas-d-datson-sales-manager\\\/\",\"url\":\"https:\\\/\\\/maxsonautomatic.com\\\/es\\\/acerca-de-maxson-automatic\\\/nicholas-d-datson-sales-manager\\\/\",\"name\":\"Nicholas D. Datson, Gerente de Ventas - Maxson Automatic\",\"isPartOf\":{\"@id\":\"https:\\\/\\\/maxsonautomatic.com\\\/#website\"},\"primaryImageOfPage\":{\"@id\":\"https:\\\/\\\/maxsonautomatic.com\\\/es\\\/acerca-de-maxson-automatic\\\/nicholas-d-datson-sales-manager\\\/#primaryimage\"},\"image\":{\"@id\":\"https:\\\/\\\/maxsonautomatic.com\\\/es\\\/acerca-de-maxson-automatic\\\/nicholas-d-datson-sales-manager\\\/#primaryimage\"},\"thumbnailUrl\":\"https:\\\/\\\/maxsonautomatic.com\\\/wp-content\\\/uploads\\\/2021\\\/01\\\/Nick-Datson-300x225.jpg\",\"datePublished\":\"2021-07-20T02:14:52+00:00\",\"dateModified\":\"2021-07-20T23:09:38+00:00\",\"description\":\"Actualmente, est\u00e1 a cargo de las ventas de equipos tanto a nivel nacional como internacional.\",\"breadcrumb\":{\"@id\":\"https:\\\/\\\/maxsonautomatic.com\\\/es\\\/acerca-de-maxson-automatic\\\/nicholas-d-datson-sales-manager\\\/#breadcrumb\"},\"inLanguage\":\"es\",\"potentialAction\":[{\"@type\":\"ReadAction\",\"target\":[\"https:\\\/\\\/maxsonautomatic.com\\\/es\\\/acerca-de-maxson-automatic\\\/nicholas-d-datson-sales-manager\\\/\"]}]},{\"@type\":\"ImageObject\",\"inLanguage\":\"es\",\"@id\":\"https:\\\/\\\/maxsonautomatic.com\\\/es\\\/acerca-de-maxson-automatic\\\/nicholas-d-datson-sales-manager\\\/#primaryimage\",\"url\":\"https:\\\/\\\/maxsonautomatic.com\\\/wp-content\\\/uploads\\\/2021\\\/01\\\/Nick-Datson-300x225.jpg\",\"contentUrl\":\"https:\\\/\\\/maxsonautomatic.com\\\/wp-content\\\/uploads\\\/2021\\\/01\\\/Nick-Datson-300x225.jpg\"},{\"@type\":\"BreadcrumbList\",\"@id\":\"https:\\\/\\\/maxsonautomatic.com\\\/es\\\/acerca-de-maxson-automatic\\\/nicholas-d-datson-sales-manager\\\/#breadcrumb\",\"itemListElement\":[{\"@type\":\"ListItem\",\"position\":1,\"name\":\"Home\",\"item\":\"https:\\\/\\\/maxsonautomatic.com\\\/es\\\/\"},{\"@type\":\"ListItem\",\"position\":2,\"name\":\"Acerca de Maxson Automatic\",\"item\":\"https:\\\/\\\/maxsonautomatic.com\\\/es\\\/acerca-de-maxson-automatic\\\/\"},{\"@type\":\"ListItem\",\"position\":3,\"name\":\"Nicholas D. Datson, Gerente de Ventas\"}]},{\"@type\":\"WebSite\",\"@id\":\"https:\\\/\\\/maxsonautomatic.com\\\/#website\",\"url\":\"https:\\\/\\\/maxsonautomatic.com\\\/\",\"name\":\"Maxson Automatic\",\"description\":\"\",\"publisher\":{\"@id\":\"https:\\\/\\\/maxsonautomatic.com\\\/#organization\"},\"potentialAction\":[{\"@type\":\"SearchAction\",\"target\":{\"@type\":\"EntryPoint\",\"urlTemplate\":\"https:\\\/\\\/maxsonautomatic.com\\\/?s={search_term_string}\"},\"query-input\":{\"@type\":\"PropertyValueSpecification\",\"valueRequired\":true,\"valueName\":\"search_term_string\"}}],\"inLanguage\":\"es\"},{\"@type\":\"Organization\",\"@id\":\"https:\\\/\\\/maxsonautomatic.com\\\/#organization\",\"name\":\"Maxson Automatic\",\"url\":\"https:\\\/\\\/maxsonautomatic.com\\\/\",\"logo\":{\"@type\":\"ImageObject\",\"inLanguage\":\"es\",\"@id\":\"https:\\\/\\\/maxsonautomatic.com\\\/#\\\/schema\\\/logo\\\/image\\\/\",\"url\":\"https:\\\/\\\/maxsonautomatic.com\\\/wp-content\\\/uploads\\\/2021\\\/04\\\/logo.png\",\"contentUrl\":\"https:\\\/\\\/maxsonautomatic.com\\\/wp-content\\\/uploads\\\/2021\\\/04\\\/logo.png\",\"width\":280,\"height\":100,\"caption\":\"Maxson Automatic\"},\"image\":{\"@id\":\"https:\\\/\\\/maxsonautomatic.com\\\/#\\\/schema\\\/logo\\\/image\\\/\"},\"sameAs\":[\"https:\\\/\\\/www.facebook.com\\\/maxsonautomaticmachinery\\\/\",\"https:\\\/\\\/www.linkedin.com\\\/company\\\/maxson-automatic-machinery-company\\\/\"]}]}<\/script>\n<!-- \/ Yoast SEO plugin. -->","yoast_head_json":{"title":"Nicholas D. Datson, Gerente de Ventas - Maxson Automatic","description":"Actualmente, est\u00e1 a cargo de las ventas de equipos tanto a nivel nacional como internacional.","robots":{"index":"index","follow":"follow","max-snippet":"max-snippet:-1","max-image-preview":"max-image-preview:large","max-video-preview":"max-video-preview:-1"},"canonical":"https:\/\/maxsonautomatic.com\/es\/acerca-de-maxson-automatic\/nicholas-d-datson-sales-manager\/","og_locale":"es_ES","og_type":"article","og_title":"Nicholas D. Datson, Gerente de Ventas - Maxson Automatic","og_description":"Actualmente, est\u00e1 a cargo de las ventas de equipos tanto a nivel nacional como internacional.","og_url":"https:\/\/maxsonautomatic.com\/es\/acerca-de-maxson-automatic\/nicholas-d-datson-sales-manager\/","og_site_name":"Maxson Automatic","article_publisher":"https:\/\/www.facebook.com\/maxsonautomaticmachinery\/","article_modified_time":"2021-07-20T23:09:38+00:00","og_image":[{"url":"https:\/\/maxsonautomatic.com\/wp-content\/uploads\/2021\/01\/Nick-Datson-300x225.jpg","type":"","width":"","height":""}],"twitter_card":"summary_large_image","twitter_misc":{"Tiempo de lectura":"1 minuto"},"schema":{"@context":"https:\/\/schema.org","@graph":[{"@type":"WebPage","@id":"https:\/\/maxsonautomatic.com\/es\/acerca-de-maxson-automatic\/nicholas-d-datson-sales-manager\/","url":"https:\/\/maxsonautomatic.com\/es\/acerca-de-maxson-automatic\/nicholas-d-datson-sales-manager\/","name":"Nicholas D. Datson, Gerente de Ventas - Maxson Automatic","isPartOf":{"@id":"https:\/\/maxsonautomatic.com\/#website"},"primaryImageOfPage":{"@id":"https:\/\/maxsonautomatic.com\/es\/acerca-de-maxson-automatic\/nicholas-d-datson-sales-manager\/#primaryimage"},"image":{"@id":"https:\/\/maxsonautomatic.com\/es\/acerca-de-maxson-automatic\/nicholas-d-datson-sales-manager\/#primaryimage"},"thumbnailUrl":"https:\/\/maxsonautomatic.com\/wp-content\/uploads\/2021\/01\/Nick-Datson-300x225.jpg","datePublished":"2021-07-20T02:14:52+00:00","dateModified":"2021-07-20T23:09:38+00:00","description":"Actualmente, est\u00e1 a cargo de las ventas de equipos tanto a nivel nacional como internacional.","breadcrumb":{"@id":"https:\/\/maxsonautomatic.com\/es\/acerca-de-maxson-automatic\/nicholas-d-datson-sales-manager\/#breadcrumb"},"inLanguage":"es","potentialAction":[{"@type":"ReadAction","target":["https:\/\/maxsonautomatic.com\/es\/acerca-de-maxson-automatic\/nicholas-d-datson-sales-manager\/"]}]},{"@type":"ImageObject","inLanguage":"es","@id":"https:\/\/maxsonautomatic.com\/es\/acerca-de-maxson-automatic\/nicholas-d-datson-sales-manager\/#primaryimage","url":"https:\/\/maxsonautomatic.com\/wp-content\/uploads\/2021\/01\/Nick-Datson-300x225.jpg","contentUrl":"https:\/\/maxsonautomatic.com\/wp-content\/uploads\/2021\/01\/Nick-Datson-300x225.jpg"},{"@type":"BreadcrumbList","@id":"https:\/\/maxsonautomatic.com\/es\/acerca-de-maxson-automatic\/nicholas-d-datson-sales-manager\/#breadcrumb","itemListElement":[{"@type":"ListItem","position":1,"name":"Home","item":"https:\/\/maxsonautomatic.com\/es\/"},{"@type":"ListItem","position":2,"name":"Acerca de Maxson Automatic","item":"https:\/\/maxsonautomatic.com\/es\/acerca-de-maxson-automatic\/"},{"@type":"ListItem","position":3,"name":"Nicholas D. Datson, Gerente de Ventas"}]},{"@type":"WebSite","@id":"https:\/\/maxsonautomatic.com\/#website","url":"https:\/\/maxsonautomatic.com\/","name":"Maxson Automatic","description":"","publisher":{"@id":"https:\/\/maxsonautomatic.com\/#organization"},"potentialAction":[{"@type":"SearchAction","target":{"@type":"EntryPoint","urlTemplate":"https:\/\/maxsonautomatic.com\/?s={search_term_string}"},"query-input":{"@type":"PropertyValueSpecification","valueRequired":true,"valueName":"search_term_string"}}],"inLanguage":"es"},{"@type":"Organization","@id":"https:\/\/maxsonautomatic.com\/#organization","name":"Maxson Automatic","url":"https:\/\/maxsonautomatic.com\/","logo":{"@type":"ImageObject","inLanguage":"es","@id":"https:\/\/maxsonautomatic.com\/#\/schema\/logo\/image\/","url":"https:\/\/maxsonautomatic.com\/wp-content\/uploads\/2021\/04\/logo.png","contentUrl":"https:\/\/maxsonautomatic.com\/wp-content\/uploads\/2021\/04\/logo.png","width":280,"height":100,"caption":"Maxson Automatic"},"image":{"@id":"https:\/\/maxsonautomatic.com\/#\/schema\/logo\/image\/"},"sameAs":["https:\/\/www.facebook.com\/maxsonautomaticmachinery\/","https:\/\/www.linkedin.com\/company\/maxson-automatic-machinery-company\/"]}]}},"uagb_featured_image_src":{"full":false,"thumbnail":false,"medium":false,"medium_large":false,"large":false,"1536x1536":false,"2048x2048":false,"gform-image-choice-sm":false,"gform-image-choice-md":false,"gform-image-choice-lg":false},"uagb_author_info":{"display_name":"Translations","author_link":"https:\/\/maxsonautomatic.com\/es\/author\/rapportintl\/"},"uagb_comment_info":0,"uagb_excerpt":null,"_links":{"self":[{"href":"https:\/\/maxsonautomatic.com\/es\/wp-json\/wp\/v2\/pages\/4535","targetHints":{"allow":["GET"]}}],"collection":[{"href":"https:\/\/maxsonautomatic.com\/es\/wp-json\/wp\/v2\/pages"}],"about":[{"href":"https:\/\/maxsonautomatic.com\/es\/wp-json\/wp\/v2\/types\/page"}],"author":[{"embeddable":true,"href":"https:\/\/maxsonautomatic.com\/es\/wp-json\/wp\/v2\/users\/10"}],"replies":[{"embeddable":true,"href":"https:\/\/maxsonautomatic.com\/es\/wp-json\/wp\/v2\/comments?post=4535"}],"version-history":[{"count":12,"href":"https:\/\/maxsonautomatic.com\/es\/wp-json\/wp\/v2\/pages\/4535\/revisions"}],"predecessor-version":[{"id":4600,"href":"https:\/\/maxsonautomatic.com\/es\/wp-json\/wp\/v2\/pages\/4535\/revisions\/4600"}],"up":[{"embeddable":true,"href":"https:\/\/maxsonautomatic.com\/es\/wp-json\/wp\/v2\/pages\/4381"}],"wp:attachment":[{"href":"https:\/\/maxsonautomatic.com\/es\/wp-json\/wp\/v2\/media?parent=4535"}],"curies":[{"name":"wp","href":"https:\/\/api.w.org\/{rel}","templated":true}]}}