{"id":4523,"date":"2021-07-19T22:09:40","date_gmt":"2021-07-20T02:09:40","guid":{"rendered":"https:\/\/maxsonautomatic.com\/acerca-de-maxson-automatic\/joseph-f-matthews-president\/"},"modified":"2021-07-20T19:05:02","modified_gmt":"2021-07-20T23:05:02","slug":"joseph-f-matthews-president","status":"publish","type":"page","link":"https:\/\/maxsonautomatic.com\/es\/acerca-de-maxson-automatic\/joseph-f-matthews-president\/","title":{"rendered":"Joseph F. Matthews, Presidente"},"content":{"rendered":"\n<section class=\"wp-block-uagb-section uagb-section__wrap uagb-section__background-undefined uagb-block-6944c916\"><div class=\"uagb-section__overlay\"><\/div><div class=\"uagb-section__inner-wrap\">\n<div class=\"wp-block-image\"><figure class=\"alignleft size-medium\"><img loading=\"lazy\" decoding=\"async\" width=\"300\" height=\"225\" src=\"https:\/\/maxsonautomatic.com\/wp-content\/uploads\/2021\/01\/Joe-Matthews-300x225.jpg\" alt=\"\" class=\"wp-image-4116\" srcset=\"https:\/\/maxsonautomatic.com\/wp-content\/uploads\/2021\/01\/Joe-Matthews-300x225.jpg 300w, https:\/\/maxsonautomatic.com\/wp-content\/uploads\/2021\/01\/Joe-Matthews-1024x768.jpg 1024w, https:\/\/maxsonautomatic.com\/wp-content\/uploads\/2021\/01\/Joe-Matthews-768x576.jpg 768w, https:\/\/maxsonautomatic.com\/wp-content\/uploads\/2021\/01\/Joe-Matthews-1536x1152.jpg 1536w, https:\/\/maxsonautomatic.com\/wp-content\/uploads\/2021\/01\/Joe-Matthews-2048x1536.jpg 2048w\" sizes=\"auto, (max-width: 300px) 100vw, 300px\" \/><\/figure><\/div>\n\n\n\n<p>Joe se incorpor\u00f3 a Maxson en 1983, a cargo del \u00e1rea de ventas y marketing. En 1984, fue elegido para formar parte de la Junta de Directores y la Secretar\u00eda de la compa\u00f1\u00eda En 1992, se transform\u00f3 en vicepresidente de Maxson, a cargo de las ganancias y las p\u00e9rdidas de la compa\u00f1\u00eda. En 2000, Joe sucedi\u00f3 a Merton Matthews como presidente de la compa\u00f1\u00eda. La experiencia laboral previa de Joe incluy\u00f3 responsabilidad como ingeniero de mantenimiento preventivo de planta en B.F. Goodrich Company entre 1980 y 1983.<\/p>\n\n\n\n<p>Activo en la Asociaci\u00f3n de T\u00e9cnicos de la Industria de la Pulpa y el Papel (Technical Association of the Pulp &amp; Paper Industries, TAPPI) desde 1984, Joe se desempe\u00f1\u00f3 como presidente del Comit\u00e9 T\u00e9cnico de Corte de Papel de 1988 a 1989. En 1994, Joe fue elegido presidente de la Divisi\u00f3n de Acabado y Transformaci\u00f3n de TAPPI y fue galardonado con el premio Finishing and Converting Leadership Award (Premio al Liderazgo en Acabado y Transformaci\u00f3n) de TAPPI en 1997 Joe contin\u00faa participando en esta organizaci\u00f3n profesional como miembro del Comit\u00e9 de Corte de Papel y como presidente de los Tutoriales de Acabado y Transformaci\u00f3n.<\/p>\n\n\n\n<p>Joe se gradu\u00f3 como ingeniero mec\u00e1nico de la University of Rhode Island en 1980. Es miembro de la sociedad de honor de ingenier\u00eda mec\u00e1nica Pi Tau Sigma Joe tambi\u00e9n realiz\u00f3 una Maestr\u00eda en Administraci\u00f3n de Empresas en Temple University, Filadelfia, PA.<\/p>\n\n\n\n<p>Joe, quien fue ni\u00f1o explorador en el rango \u00c1guila y jefe de exploradores de Troop 44 Matunuck, ha sido miembro de la junta directiva del Consejo Narragansett de Boy Scouts of America desde 2000. Se ha desempe\u00f1ado en roles de liderazgo como vicepresidente de Gesti\u00f3n de Activos, vicepresidente de Programas y actual vicepresidente de Operaciones.<\/p>\n\n\n\n<p>Joe tambi\u00e9n es fideicomisario de South County Healthcare, donde se desempe\u00f1a como miembro del Comit\u00e9 de Planificaci\u00f3n y Marketing. En un mandato previo que abarc\u00f3 de 2006 a 2016, se desempe\u00f1\u00f3 en los \u00faltimos tres a\u00f1os como tesorero de la junta del hospital.<\/p>\n\n\n\n<p>Desde 2017, Joe ha sido director de <a href=\"https:\/\/www.tidesfs.org\/\">Tides Family Services<\/a>, una organizaci\u00f3n dedicada a las necesidades de los j\u00f3venes en riesgo en Rhode Island. Como integrante de la junta, Joe prest\u00f3 servicio en los comit\u00e9s de Auditor\u00eda, Desarrollo de la Junta y Planificaci\u00f3n Estrat\u00e9gica. <\/p>\n<\/div><\/section>\n","protected":false},"excerpt":{"rendered":"","protected":false},"author":10,"featured_media":0,"parent":4381,"menu_order":0,"comment_status":"closed","ping_status":"closed","template":"","meta":{"_uag_custom_page_level_css":"","footnotes":""},"class_list":["post-4523","page","type-page","status-publish","hentry"],"yoast_head":"<!-- This site is optimized with the Yoast SEO plugin v27.3 - https:\/\/yoast.com\/product\/yoast-seo-wordpress\/ -->\n<title>Joseph F. Matthews, Presidente - Maxson Automatic<\/title>\n<meta name=\"description\" content=\"Maxson President - Meet Joe, being part of Maxson since 1983, he has worked to be not only a leader within Maxson but the industry overall.\" \/>\n<meta name=\"robots\" content=\"index, follow, max-snippet:-1, max-image-preview:large, max-video-preview:-1\" \/>\n<link rel=\"canonical\" href=\"https:\/\/maxsonautomatic.com\/es\/acerca-de-maxson-automatic\/joseph-f-matthews-president\/\" \/>\n<meta property=\"og:locale\" content=\"es_ES\" \/>\n<meta property=\"og:type\" content=\"article\" \/>\n<meta property=\"og:title\" content=\"Joseph F. Matthews, Presidente - Maxson Automatic\" \/>\n<meta property=\"og:description\" content=\"Maxson President - Meet Joe, being part of Maxson since 1983, he has worked to be not only a leader within Maxson but the industry overall.\" \/>\n<meta property=\"og:url\" content=\"https:\/\/maxsonautomatic.com\/es\/acerca-de-maxson-automatic\/joseph-f-matthews-president\/\" \/>\n<meta property=\"og:site_name\" content=\"Maxson Automatic\" \/>\n<meta property=\"article:publisher\" content=\"https:\/\/www.facebook.com\/maxsonautomaticmachinery\/\" \/>\n<meta property=\"article:modified_time\" content=\"2021-07-20T23:05:02+00:00\" \/>\n<meta property=\"og:image\" content=\"https:\/\/maxsonautomatic.com\/wp-content\/uploads\/2021\/01\/Joe-Matthews-300x225.jpg\" \/>\n<meta name=\"twitter:card\" content=\"summary_large_image\" \/>\n<meta name=\"twitter:label1\" content=\"Tiempo de lectura\" \/>\n\t<meta name=\"twitter:data1\" content=\"2 minutos\" \/>\n<script type=\"application\/ld+json\" class=\"yoast-schema-graph\">{\"@context\":\"https:\\\/\\\/schema.org\",\"@graph\":[{\"@type\":\"WebPage\",\"@id\":\"https:\\\/\\\/maxsonautomatic.com\\\/es\\\/acerca-de-maxson-automatic\\\/joseph-f-matthews-president\\\/\",\"url\":\"https:\\\/\\\/maxsonautomatic.com\\\/es\\\/acerca-de-maxson-automatic\\\/joseph-f-matthews-president\\\/\",\"name\":\"Joseph F. Matthews, Presidente - Maxson Automatic\",\"isPartOf\":{\"@id\":\"https:\\\/\\\/maxsonautomatic.com\\\/#website\"},\"primaryImageOfPage\":{\"@id\":\"https:\\\/\\\/maxsonautomatic.com\\\/es\\\/acerca-de-maxson-automatic\\\/joseph-f-matthews-president\\\/#primaryimage\"},\"image\":{\"@id\":\"https:\\\/\\\/maxsonautomatic.com\\\/es\\\/acerca-de-maxson-automatic\\\/joseph-f-matthews-president\\\/#primaryimage\"},\"thumbnailUrl\":\"https:\\\/\\\/maxsonautomatic.com\\\/wp-content\\\/uploads\\\/2021\\\/01\\\/Joe-Matthews-300x225.jpg\",\"datePublished\":\"2021-07-20T02:09:40+00:00\",\"dateModified\":\"2021-07-20T23:05:02+00:00\",\"description\":\"Maxson President - Meet Joe, being part of Maxson since 1983, he has worked to be not only a leader within Maxson but the industry overall.\",\"breadcrumb\":{\"@id\":\"https:\\\/\\\/maxsonautomatic.com\\\/es\\\/acerca-de-maxson-automatic\\\/joseph-f-matthews-president\\\/#breadcrumb\"},\"inLanguage\":\"es\",\"potentialAction\":[{\"@type\":\"ReadAction\",\"target\":[\"https:\\\/\\\/maxsonautomatic.com\\\/es\\\/acerca-de-maxson-automatic\\\/joseph-f-matthews-president\\\/\"]}]},{\"@type\":\"ImageObject\",\"inLanguage\":\"es\",\"@id\":\"https:\\\/\\\/maxsonautomatic.com\\\/es\\\/acerca-de-maxson-automatic\\\/joseph-f-matthews-president\\\/#primaryimage\",\"url\":\"https:\\\/\\\/maxsonautomatic.com\\\/wp-content\\\/uploads\\\/2021\\\/01\\\/Joe-Matthews-300x225.jpg\",\"contentUrl\":\"https:\\\/\\\/maxsonautomatic.com\\\/wp-content\\\/uploads\\\/2021\\\/01\\\/Joe-Matthews-300x225.jpg\"},{\"@type\":\"BreadcrumbList\",\"@id\":\"https:\\\/\\\/maxsonautomatic.com\\\/es\\\/acerca-de-maxson-automatic\\\/joseph-f-matthews-president\\\/#breadcrumb\",\"itemListElement\":[{\"@type\":\"ListItem\",\"position\":1,\"name\":\"Home\",\"item\":\"https:\\\/\\\/maxsonautomatic.com\\\/es\\\/\"},{\"@type\":\"ListItem\",\"position\":2,\"name\":\"Acerca de Maxson Automatic\",\"item\":\"https:\\\/\\\/maxsonautomatic.com\\\/es\\\/acerca-de-maxson-automatic\\\/\"},{\"@type\":\"ListItem\",\"position\":3,\"name\":\"Joseph F. Matthews, Presidente\"}]},{\"@type\":\"WebSite\",\"@id\":\"https:\\\/\\\/maxsonautomatic.com\\\/#website\",\"url\":\"https:\\\/\\\/maxsonautomatic.com\\\/\",\"name\":\"Maxson Automatic\",\"description\":\"\",\"publisher\":{\"@id\":\"https:\\\/\\\/maxsonautomatic.com\\\/#organization\"},\"potentialAction\":[{\"@type\":\"SearchAction\",\"target\":{\"@type\":\"EntryPoint\",\"urlTemplate\":\"https:\\\/\\\/maxsonautomatic.com\\\/?s={search_term_string}\"},\"query-input\":{\"@type\":\"PropertyValueSpecification\",\"valueRequired\":true,\"valueName\":\"search_term_string\"}}],\"inLanguage\":\"es\"},{\"@type\":\"Organization\",\"@id\":\"https:\\\/\\\/maxsonautomatic.com\\\/#organization\",\"name\":\"Maxson Automatic\",\"url\":\"https:\\\/\\\/maxsonautomatic.com\\\/\",\"logo\":{\"@type\":\"ImageObject\",\"inLanguage\":\"es\",\"@id\":\"https:\\\/\\\/maxsonautomatic.com\\\/#\\\/schema\\\/logo\\\/image\\\/\",\"url\":\"https:\\\/\\\/maxsonautomatic.com\\\/wp-content\\\/uploads\\\/2021\\\/04\\\/logo.png\",\"contentUrl\":\"https:\\\/\\\/maxsonautomatic.com\\\/wp-content\\\/uploads\\\/2021\\\/04\\\/logo.png\",\"width\":280,\"height\":100,\"caption\":\"Maxson Automatic\"},\"image\":{\"@id\":\"https:\\\/\\\/maxsonautomatic.com\\\/#\\\/schema\\\/logo\\\/image\\\/\"},\"sameAs\":[\"https:\\\/\\\/www.facebook.com\\\/maxsonautomaticmachinery\\\/\",\"https:\\\/\\\/www.linkedin.com\\\/company\\\/maxson-automatic-machinery-company\\\/\"]}]}<\/script>\n<!-- \/ Yoast SEO plugin. -->","yoast_head_json":{"title":"Joseph F. Matthews, Presidente - Maxson Automatic","description":"Maxson President - Meet Joe, being part of Maxson since 1983, he has worked to be not only a leader within Maxson but the industry overall.","robots":{"index":"index","follow":"follow","max-snippet":"max-snippet:-1","max-image-preview":"max-image-preview:large","max-video-preview":"max-video-preview:-1"},"canonical":"https:\/\/maxsonautomatic.com\/es\/acerca-de-maxson-automatic\/joseph-f-matthews-president\/","og_locale":"es_ES","og_type":"article","og_title":"Joseph F. Matthews, Presidente - Maxson Automatic","og_description":"Maxson President - Meet Joe, being part of Maxson since 1983, he has worked to be not only a leader within Maxson but the industry overall.","og_url":"https:\/\/maxsonautomatic.com\/es\/acerca-de-maxson-automatic\/joseph-f-matthews-president\/","og_site_name":"Maxson Automatic","article_publisher":"https:\/\/www.facebook.com\/maxsonautomaticmachinery\/","article_modified_time":"2021-07-20T23:05:02+00:00","og_image":[{"url":"https:\/\/maxsonautomatic.com\/wp-content\/uploads\/2021\/01\/Joe-Matthews-300x225.jpg","type":"","width":"","height":""}],"twitter_card":"summary_large_image","twitter_misc":{"Tiempo de lectura":"2 minutos"},"schema":{"@context":"https:\/\/schema.org","@graph":[{"@type":"WebPage","@id":"https:\/\/maxsonautomatic.com\/es\/acerca-de-maxson-automatic\/joseph-f-matthews-president\/","url":"https:\/\/maxsonautomatic.com\/es\/acerca-de-maxson-automatic\/joseph-f-matthews-president\/","name":"Joseph F. Matthews, Presidente - Maxson Automatic","isPartOf":{"@id":"https:\/\/maxsonautomatic.com\/#website"},"primaryImageOfPage":{"@id":"https:\/\/maxsonautomatic.com\/es\/acerca-de-maxson-automatic\/joseph-f-matthews-president\/#primaryimage"},"image":{"@id":"https:\/\/maxsonautomatic.com\/es\/acerca-de-maxson-automatic\/joseph-f-matthews-president\/#primaryimage"},"thumbnailUrl":"https:\/\/maxsonautomatic.com\/wp-content\/uploads\/2021\/01\/Joe-Matthews-300x225.jpg","datePublished":"2021-07-20T02:09:40+00:00","dateModified":"2021-07-20T23:05:02+00:00","description":"Maxson President - Meet Joe, being part of Maxson since 1983, he has worked to be not only a leader within Maxson but the industry overall.","breadcrumb":{"@id":"https:\/\/maxsonautomatic.com\/es\/acerca-de-maxson-automatic\/joseph-f-matthews-president\/#breadcrumb"},"inLanguage":"es","potentialAction":[{"@type":"ReadAction","target":["https:\/\/maxsonautomatic.com\/es\/acerca-de-maxson-automatic\/joseph-f-matthews-president\/"]}]},{"@type":"ImageObject","inLanguage":"es","@id":"https:\/\/maxsonautomatic.com\/es\/acerca-de-maxson-automatic\/joseph-f-matthews-president\/#primaryimage","url":"https:\/\/maxsonautomatic.com\/wp-content\/uploads\/2021\/01\/Joe-Matthews-300x225.jpg","contentUrl":"https:\/\/maxsonautomatic.com\/wp-content\/uploads\/2021\/01\/Joe-Matthews-300x225.jpg"},{"@type":"BreadcrumbList","@id":"https:\/\/maxsonautomatic.com\/es\/acerca-de-maxson-automatic\/joseph-f-matthews-president\/#breadcrumb","itemListElement":[{"@type":"ListItem","position":1,"name":"Home","item":"https:\/\/maxsonautomatic.com\/es\/"},{"@type":"ListItem","position":2,"name":"Acerca de Maxson Automatic","item":"https:\/\/maxsonautomatic.com\/es\/acerca-de-maxson-automatic\/"},{"@type":"ListItem","position":3,"name":"Joseph F. Matthews, Presidente"}]},{"@type":"WebSite","@id":"https:\/\/maxsonautomatic.com\/#website","url":"https:\/\/maxsonautomatic.com\/","name":"Maxson Automatic","description":"","publisher":{"@id":"https:\/\/maxsonautomatic.com\/#organization"},"potentialAction":[{"@type":"SearchAction","target":{"@type":"EntryPoint","urlTemplate":"https:\/\/maxsonautomatic.com\/?s={search_term_string}"},"query-input":{"@type":"PropertyValueSpecification","valueRequired":true,"valueName":"search_term_string"}}],"inLanguage":"es"},{"@type":"Organization","@id":"https:\/\/maxsonautomatic.com\/#organization","name":"Maxson Automatic","url":"https:\/\/maxsonautomatic.com\/","logo":{"@type":"ImageObject","inLanguage":"es","@id":"https:\/\/maxsonautomatic.com\/#\/schema\/logo\/image\/","url":"https:\/\/maxsonautomatic.com\/wp-content\/uploads\/2021\/04\/logo.png","contentUrl":"https:\/\/maxsonautomatic.com\/wp-content\/uploads\/2021\/04\/logo.png","width":280,"height":100,"caption":"Maxson Automatic"},"image":{"@id":"https:\/\/maxsonautomatic.com\/#\/schema\/logo\/image\/"},"sameAs":["https:\/\/www.facebook.com\/maxsonautomaticmachinery\/","https:\/\/www.linkedin.com\/company\/maxson-automatic-machinery-company\/"]}]}},"uagb_featured_image_src":{"full":false,"thumbnail":false,"medium":false,"medium_large":false,"large":false,"1536x1536":false,"2048x2048":false,"gform-image-choice-sm":false,"gform-image-choice-md":false,"gform-image-choice-lg":false},"uagb_author_info":{"display_name":"Translations","author_link":"https:\/\/maxsonautomatic.com\/es\/author\/rapportintl\/"},"uagb_comment_info":0,"uagb_excerpt":null,"_links":{"self":[{"href":"https:\/\/maxsonautomatic.com\/es\/wp-json\/wp\/v2\/pages\/4523","targetHints":{"allow":["GET"]}}],"collection":[{"href":"https:\/\/maxsonautomatic.com\/es\/wp-json\/wp\/v2\/pages"}],"about":[{"href":"https:\/\/maxsonautomatic.com\/es\/wp-json\/wp\/v2\/types\/page"}],"author":[{"embeddable":true,"href":"https:\/\/maxsonautomatic.com\/es\/wp-json\/wp\/v2\/users\/10"}],"replies":[{"embeddable":true,"href":"https:\/\/maxsonautomatic.com\/es\/wp-json\/wp\/v2\/comments?post=4523"}],"version-history":[{"count":5,"href":"https:\/\/maxsonautomatic.com\/es\/wp-json\/wp\/v2\/pages\/4523\/revisions"}],"predecessor-version":[{"id":4598,"href":"https:\/\/maxsonautomatic.com\/es\/wp-json\/wp\/v2\/pages\/4523\/revisions\/4598"}],"up":[{"embeddable":true,"href":"https:\/\/maxsonautomatic.com\/es\/wp-json\/wp\/v2\/pages\/4381"}],"wp:attachment":[{"href":"https:\/\/maxsonautomatic.com\/es\/wp-json\/wp\/v2\/media?parent=4523"}],"curies":[{"name":"wp","href":"https:\/\/api.w.org\/{rel}","templated":true}]}}